{"id":562,"date":"2023-11-08T17:29:46","date_gmt":"2023-11-08T15:29:46","guid":{"rendered":"https:\/\/delega.net\/?page_id=562"},"modified":"2025-07-25T17:55:16","modified_gmt":"2025-07-25T15:55:16","slug":"politica-de-privacidad","status":"publish","type":"page","link":"https:\/\/delega.net\/en\/politica-de-privacidad\/","title":{"rendered":"Pol\u00edtica de Privacidad"},"content":{"rendered":"<p>[et_pb_section fb_built=\u00bb1&#8243; admin_label=\u00bbHistory\u00bb _builder_version=\u00bb4.16&#8243; global_colors_info=\u00bb{}\u00bb][et_pb_row _builder_version=\u00bb4.16&#8243; custom_margin=\u00bb|||\u00bb custom_padding=\u00bb|||\u00bb global_colors_info=\u00bb{}\u00bb][et_pb_column type=\u00bb4_4&#8243; _builder_version=\u00bb4.16&#8243; custom_padding=\u00bb|||\u00bb global_colors_info=\u00bb{}\u00bb custom_padding__hover=\u00bb|||\u00bb][et_pb_text admin_label=\u00bbPol\u00edtica de Privacidad\u00bb _builder_version=\u00bb4.21.2&#8243; text_font=\u00bbShare Tech||||||||\u00bb text_text_color=\u00bbrgba(0,0,0,0.02)\u00bb text_font_size=\u00bb100px\u00bb text_line_height=\u00bb0.2em\u00bb header_font=\u00bb||||||||\u00bb header_2_font=\u00bbShare Tech||||||||\u00bb header_2_font_size=\u00bb48px\u00bb header_2_line_height=\u00bb1.4em\u00bb text_orientation=\u00bbcenter\u00bb custom_margin=\u00bb||30px||false\u00bb custom_margin_tablet=\u00bb||0px|\u00bb custom_margin_phone=\u00bb\u00bb custom_margin_last_edited=\u00bbon|tablet\u00bb text_font_size_tablet=\u00bb80px\u00bb text_font_size_phone=\u00bb60px\u00bb text_font_size_last_edited=\u00bbon|desktop\u00bb header_2_font_size_tablet=\u00bb\u00bb header_2_font_size_phone=\u00bb36px\u00bb header_2_font_size_last_edited=\u00bbon|phone\u00bb global_colors_info=\u00bb{}\u00bb]<\/p>\n<h2>Pol\u00edtica de Privacidad<\/h2>\n<p>[\/et_pb_text][et_pb_text admin_label=\u00bbINFORMACI\u00d3N B\u00c1SICA SOBRE NUESTRA POL\u00cdTICA DE PRIVACIDAD\u00bb _builder_version=\u00bb4.21.2&#8243; text_font=\u00bbOpen Sans||||||||\u00bb text_font_size=\u00bb16px\u00bb text_line_height=\u00bb1.8em\u00bb text_orientation=\u00bbcenter\u00bb max_width=\u00bb700px\u00bb max_width_tablet=\u00bb\u00bb max_width_phone=\u00bb\u00bb max_width_last_edited=\u00bbon|phone\u00bb module_alignment=\u00bbcenter\u00bb locked=\u00bboff\u00bb global_colors_info=\u00bb{}\u00bb]<\/p>\n<p class=\"p1\"><span class=\"s1\"><b>INFORMACI\u00d3N B\u00c1SICA SOBRE NUESTRA POL\u00cdTICA DE PRIVACIDAD<\/b><\/span><\/p>\n<p class=\"p2\"><span class=\"s1\">Siguiendo los principios de licitud, lealtad y transparencia, ponemos a su disposici\u00f3n la presente Pol\u00edtica de Privacidad.<\/span><\/p>\n<p class=\"p2\"><span class=\"s1\"><b>\u00bfQui\u00e9n es el Responsable del tratamiento de sus datos?\u00a0<\/b><\/span><\/p>\n<p class=\"p2\"><span class=\"s1\">DELEGA CONSULTORES S.L. <\/span><\/p>\n<p class=\"p2\"><span class=\"s1\">CIF: B97251334<\/span><\/p>\n<p class=\"p2\"><span class=\"s1\">DOMICILIO SOCIAL: C\/ Doctor Sanchis Berg\u00f3n, 24 \u2013 46008 Valencia<\/span><\/p>\n<p class=\"p2\"><span class=\"s1\">Email : info@delega.net<\/span><\/p>\n<p class=\"p2\"><span class=\"s1\"><b>Datos del DPO:<\/b><\/span><span class=\"s2\"><br \/><\/span><\/p>\n<p class=\"p2\"><span class=\"s1\"><b>\u00bfCon qu\u00e9 finalidad tratamos sus datos personales?\u00a0<\/b><\/span><\/p>\n<p class=\"p2\"><span class=\"s1\">En DELEGA CONSULTORES S.L. (en adelante DELEGA) tratamos la informaci\u00f3n que nos facilita con la finalidad de gestionar la relaci\u00f3n contractual que nos une, gestionar el env\u00edo de la informaci\u00f3n que nos solicita, facilitar a los interesados ofertas de nuestros servicios y\/o productos de su inter\u00e9s y\/o gestionar su candidatura.<\/span><\/p>\n<p class=\"p2\"><span class=\"s1\"><b>\u00bfPor cu\u00e1nto tiempo conservaremos sus datos personales?\u00a0<\/b><\/span><\/p>\n<p class=\"p2\"><span class=\"s1\">Sus datos, ser\u00e1n conservados el tiempo m\u00ednimo necesario para la correcta prestaci\u00f3n del servicio ofrecido as\u00ed como para atender las responsabilidades que se pudieran derivar del mismo y de cualquier otra exigencia legal.\u00a0<\/span><\/p>\n<p class=\"p2\"><span class=\"s1\"><b>\u00bfCu\u00e1l es la legitimaci\u00f3n para el tratamiento de sus datos?\u00a0<\/b><\/span><\/p>\n<p class=\"p2\"><span class=\"s1\">La base legal para el tratamiento de sus datos personales puede ser la ejecuci\u00f3n de una relaci\u00f3n contractual potencial y\/o suscrita, el inter\u00e9s leg\u00edtimo, la habilitaci\u00f3n legal y\/o el consentimiento del propio interesado. Los datos que le solicitamos son adecuados, pertinentes y estrictamente necesarios y en ning\u00fan caso est\u00e1 obligado a facilit\u00e1rnoslos, pero su no comunicaci\u00f3n podr\u00e1 afectar a la finalidad del servicio o la imposibilidad de prestarlo.\u00a0<\/span><\/p>\n<p class=\"p2\"><span class=\"s1\"><b>\u00bfA qu\u00e9 destinatarios se comunicar\u00e1n sus datos?\u00a0<\/b><\/span><\/p>\n<p class=\"p2\"><span class=\"s1\">DELEGA no comunicar\u00e1 sus datos a ning\u00fan tercero, salvo que se informe de ello expresamente.\u00a0\u00a0<\/span><\/p>\n<p class=\"p2\"><span class=\"s1\"><b>\u00bfCu\u00e1les son sus derechos cuando nos facilita sus datos?\u00a0<\/b><\/span><\/p>\n<p class=\"p2\"><span class=\"s1\">Los derechos de protecci\u00f3n de datos de los que son titulares los interesados son:\u00a0<\/span><\/p>\n<p>\u2022 <span class=\"s1\">Derecho a solicitar el acceso a los datos personales relativos al interesado\u00a0<\/span><br \/>\u2022 <span class=\"s1\">Derecho de rectificaci\u00f3n o supresi\u00f3n\u00a0<\/span><br \/>\u2022 <span class=\"s1\">Derecho de oposici\u00f3n\u00a0<\/span><br \/>\u2022 <span class=\"s1\">Derecho a solicitar la limitaci\u00f3n de su tratamiento\u00a0\u00a0<\/span><br \/>\u2022 <span class=\"s1\">Derecho a la portabilidad de los datos\u00a0<\/span><\/p>\n<p class=\"p2\"><span class=\"s1\">Los titulares de los datos personales obtenidos, podr\u00e1n ejercer sus derechos de protecci\u00f3n de datos personales dirigiendo una comunicaci\u00f3n por escrito al domicilio social de DELEGA o al correo electr\u00f3nico habilitado a tal efecto, Email:info@delega.net, incluyendo en ambos casos fotocopia de su DNI u otro documento de identificaci\u00f3n equivalente.\u00a0<\/span><\/p>\n<p class=\"p2\"><span class=\"s1\">Modelos, formularios y m\u00e1s informaci\u00f3n disponible sobre sus derechos en la p\u00e1gina web de la autoridad de control nacional, Agencia Espa\u00f1ola de Protecci\u00f3n de Datos, en adelante, AEPD,\u00a0<a href=\"http:\/\/www.agpd.es\/\"><span class=\"s3\"><b>www.agpd.es<\/b><\/span><\/a>\u00a0\u00a0<\/span><\/p>\n<p class=\"p2\"><span class=\"s1\"><b>\u00bfPuedo retirar el consentimiento?\u00a0<\/b><\/span><\/p>\n<p class=\"p2\"><span class=\"s1\">Usted tiene la posibilidad y el derecho a retirar el consentimiento para cualquiera finalidad espec\u00edfica otorgada en su momento, sin que ello afecte a la licitud del tratamiento basado en el consentimiento previo a su retirada.<\/span><\/p>\n<p class=\"p2\"><span class=\"s1\"><b>\u00bfD\u00f3nde puedo reclamar en caso de que considere que no se tratan mis datos correctamente?\u00a0<\/b><\/span><\/p>\n<p class=\"p2\"><span class=\"s1\">Si alg\u00fan interesado considera que sus datos no son tratados correctamente por DELEGA puede dirigir sus reclamaciones al correo\u00a0\u00a0info@delega.net\u00a0o a la autoridad de protecci\u00f3n de datos que corresponda, siendo la AEPD la indicada en el territorio nacional,\u00a0<a href=\"http:\/\/www.agpd.es\/\"><span class=\"s3\">www.agpd.es<\/span><\/a>\u00a0\u00a0<\/span><\/p>\n<p class=\"p2\"><span class=\"s1\"><b>Seguridad y actualizaci\u00f3n de sus datos personales\u00a0<\/b><\/span><\/p>\n<p class=\"p2\"><span class=\"s1\">Con el objetivo de salvaguardar la seguridad de sus datos personales,le informamos que DELEGA ha adoptado todas las medidas de \u00edndole t\u00e9cnica y organizativa necesarias para garantizarla seguridad de los datos personales suministrados. Todo ello para evitar su alteraci\u00f3n, p\u00e9rdida, y\/o tratamientos o accesos no autorizados, tal como exige la normativa, si bien la seguridad absoluta no existe.\u00a0\u00a0<\/span><\/p>\n<p class=\"p2\"><span class=\"s1\">Es importante que, para que podamos mantener sus datos personales actualizados, nos informe siempre que se produzca una modificaci\u00f3n de los mismos.\u00a0\u00a0<\/span><\/p>\n<p class=\"p2\"><span class=\"s1\"><b>Confidencialidad\u00a0<\/b><\/span><\/p>\n<p class=\"p2\"><span class=\"s1\">DELEGA le informa que sus datos ser\u00e1n tratados con el m\u00e1ximo celo y confidencialidad por todo el personal que intervenga en cualquiera de las fases del tratamiento. No cederemos ni comunicaremos a ning\u00fan tercero sus datos, excepto en los casos legalmente previstos, o salvo que el interesado nos hubiera autorizado expresamente<b>.<\/b>\u00a0<\/span><\/p>\n<p>[\/et_pb_text][\/et_pb_column][\/et_pb_row][\/et_pb_section]<\/p>","protected":false},"excerpt":{"rendered":"<p>Pol\u00edtica de PrivacidadINFORMACI\u00d3N B\u00c1SICA SOBRE NUESTRA POL\u00cdTICA DE PRIVACIDAD Siguiendo los principios de licitud, lealtad y transparencia, ponemos a su disposici\u00f3n la presente Pol\u00edtica de Privacidad. \u00bfQui\u00e9n es el Responsable del tratamiento de sus datos?\u00a0 DELEGA CONSULTORES S.L. CIF: B97251334 DOMICILIO SOCIAL: C\/ Doctor Sanchis Berg\u00f3n, 24 \u2013 46008 Valencia Email : info@delega.net Datos del [&hellip;]<\/p>","protected":false},"author":2,"featured_media":0,"parent":0,"menu_order":0,"comment_status":"closed","ping_status":"closed","template":"","meta":{"_et_pb_use_builder":"on","_et_pb_old_content":"","_et_gb_content_width":""},"yoast_head":"<!-- This site is optimized with the Yoast SEO plugin v21.6 - https:\/\/yoast.com\/wordpress\/plugins\/seo\/ -->\n<title>Pol\u00edtica de Privacidad - Delega Consultores - Consultor\u00eda Estrat\u00e9gica<\/title>\n<meta name=\"description\" content=\"pol\u00edtica de privacidad\" \/>\n<meta name=\"robots\" content=\"index, follow, max-snippet:-1, max-image-preview:large, max-video-preview:-1\" \/>\n<link rel=\"canonical\" href=\"https:\/\/delega.net\/en\/politica-de-privacidad\/\" \/>\n<meta property=\"og:locale\" content=\"en_GB\" \/>\n<meta property=\"og:type\" content=\"article\" \/>\n<meta property=\"og:title\" content=\"Pol\u00edtica de Privacidad - Delega Consultores - Consultor\u00eda Estrat\u00e9gica\" \/>\n<meta property=\"og:description\" content=\"pol\u00edtica de privacidad\" \/>\n<meta property=\"og:url\" content=\"https:\/\/delega.net\/en\/politica-de-privacidad\/\" \/>\n<meta property=\"og:site_name\" content=\"Delega Consultores - Consultor\u00eda Estrat\u00e9gica\" \/>\n<meta property=\"article:modified_time\" content=\"2025-07-25T15:55:16+00:00\" \/>\n<meta name=\"twitter:card\" content=\"summary_large_image\" \/>\n<meta name=\"twitter:label1\" content=\"Estimated reading time\" \/>\n\t<meta name=\"twitter:data1\" content=\"4 minutes\" \/>\n<script type=\"application\/ld+json\" class=\"yoast-schema-graph\">{\"@context\":\"https:\/\/schema.org\",\"@graph\":[{\"@type\":\"WebPage\",\"@id\":\"https:\/\/delega.net\/politica-de-privacidad\/\",\"url\":\"https:\/\/delega.net\/politica-de-privacidad\/\",\"name\":\"Pol\u00edtica de Privacidad - Delega Consultores - Consultor\u00eda Estrat\u00e9gica\",\"isPartOf\":{\"@id\":\"https:\/\/delega.net\/#website\"},\"datePublished\":\"2023-11-08T15:29:46+00:00\",\"dateModified\":\"2025-07-25T15:55:16+00:00\",\"description\":\"pol\u00edtica de privacidad\",\"breadcrumb\":{\"@id\":\"https:\/\/delega.net\/politica-de-privacidad\/#breadcrumb\"},\"inLanguage\":\"en-GB\",\"potentialAction\":[{\"@type\":\"ReadAction\",\"target\":[\"https:\/\/delega.net\/politica-de-privacidad\/\"]}]},{\"@type\":\"BreadcrumbList\",\"@id\":\"https:\/\/delega.net\/politica-de-privacidad\/#breadcrumb\",\"itemListElement\":[{\"@type\":\"ListItem\",\"position\":1,\"name\":\"Portada\",\"item\":\"https:\/\/delega.net\/\"},{\"@type\":\"ListItem\",\"position\":2,\"name\":\"Pol\u00edtica de Privacidad\"}]},{\"@type\":\"WebSite\",\"@id\":\"https:\/\/delega.net\/#website\",\"url\":\"https:\/\/delega.net\/\",\"name\":\"Delega Consultores\",\"description\":\"DELEGA Consultores es una empresa dedicada a la Consultor\u00eda Estrat\u00e9gica con un cat\u00e1logo de servicios dirigidos al sector privado y p\u00fablico. La filosof\u00eda de trabajo que le caracteriza es la de &quot;ense\u00f1ar a hacer&quot;\",\"publisher\":{\"@id\":\"https:\/\/delega.net\/#organization\"},\"alternateName\":\"Delega Consultores\",\"potentialAction\":[{\"@type\":\"SearchAction\",\"target\":{\"@type\":\"EntryPoint\",\"urlTemplate\":\"https:\/\/delega.net\/?s={search_term_string}\"},\"query-input\":\"required name=search_term_string\"}],\"inLanguage\":\"en-GB\"},{\"@type\":\"Organization\",\"@id\":\"https:\/\/delega.net\/#organization\",\"name\":\"Delega Consultores S.L.\",\"url\":\"https:\/\/delega.net\/\",\"logo\":{\"@type\":\"ImageObject\",\"inLanguage\":\"en-GB\",\"@id\":\"https:\/\/delega.net\/#\/schema\/logo\/image\/\",\"url\":\"https:\/\/delega.net\/wp-content\/uploads\/2023\/08\/Delega_logo_vectorizado_azul.svg\",\"contentUrl\":\"https:\/\/delega.net\/wp-content\/uploads\/2023\/08\/Delega_logo_vectorizado_azul.svg\",\"width\":1,\"height\":1,\"caption\":\"Delega Consultores S.L.\"},\"image\":{\"@id\":\"https:\/\/delega.net\/#\/schema\/logo\/image\/\"}}]}<\/script>\n<!-- \/ Yoast SEO plugin. -->","yoast_head_json":{"title":"Pol\u00edtica de Privacidad - Delega Consultores - Consultor\u00eda Estrat\u00e9gica","description":"pol\u00edtica de privacidad","robots":{"index":"index","follow":"follow","max-snippet":"max-snippet:-1","max-image-preview":"max-image-preview:large","max-video-preview":"max-video-preview:-1"},"canonical":"https:\/\/delega.net\/en\/politica-de-privacidad\/","og_locale":"en_GB","og_type":"article","og_title":"Pol\u00edtica de Privacidad - Delega Consultores - Consultor\u00eda Estrat\u00e9gica","og_description":"pol\u00edtica de privacidad","og_url":"https:\/\/delega.net\/en\/politica-de-privacidad\/","og_site_name":"Delega Consultores - Consultor\u00eda Estrat\u00e9gica","article_modified_time":"2025-07-25T15:55:16+00:00","twitter_card":"summary_large_image","twitter_misc":{"Estimated reading time":"4 minutes"},"schema":{"@context":"https:\/\/schema.org","@graph":[{"@type":"WebPage","@id":"https:\/\/delega.net\/politica-de-privacidad\/","url":"https:\/\/delega.net\/politica-de-privacidad\/","name":"Pol\u00edtica de Privacidad - Delega Consultores - Consultor\u00eda Estrat\u00e9gica","isPartOf":{"@id":"https:\/\/delega.net\/#website"},"datePublished":"2023-11-08T15:29:46+00:00","dateModified":"2025-07-25T15:55:16+00:00","description":"pol\u00edtica de privacidad","breadcrumb":{"@id":"https:\/\/delega.net\/politica-de-privacidad\/#breadcrumb"},"inLanguage":"en-GB","potentialAction":[{"@type":"ReadAction","target":["https:\/\/delega.net\/politica-de-privacidad\/"]}]},{"@type":"BreadcrumbList","@id":"https:\/\/delega.net\/politica-de-privacidad\/#breadcrumb","itemListElement":[{"@type":"ListItem","position":1,"name":"Portada","item":"https:\/\/delega.net\/"},{"@type":"ListItem","position":2,"name":"Pol\u00edtica de Privacidad"}]},{"@type":"WebSite","@id":"https:\/\/delega.net\/#website","url":"https:\/\/delega.net\/","name":"Delega Consultores","description":"DELEGA Consultores es una empresa dedicada a la Consultor\u00eda Estrat\u00e9gica con un cat\u00e1logo de servicios dirigidos al sector privado y p\u00fablico. La filosof\u00eda de trabajo que le caracteriza es la de &quot;ense\u00f1ar a hacer&quot;","publisher":{"@id":"https:\/\/delega.net\/#organization"},"alternateName":"Delega Consultores","potentialAction":[{"@type":"SearchAction","target":{"@type":"EntryPoint","urlTemplate":"https:\/\/delega.net\/?s={search_term_string}"},"query-input":"required name=search_term_string"}],"inLanguage":"en-GB"},{"@type":"Organization","@id":"https:\/\/delega.net\/#organization","name":"Delega Consultores S.L.","url":"https:\/\/delega.net\/","logo":{"@type":"ImageObject","inLanguage":"en-GB","@id":"https:\/\/delega.net\/#\/schema\/logo\/image\/","url":"https:\/\/delega.net\/wp-content\/uploads\/2023\/08\/Delega_logo_vectorizado_azul.svg","contentUrl":"https:\/\/delega.net\/wp-content\/uploads\/2023\/08\/Delega_logo_vectorizado_azul.svg","width":1,"height":1,"caption":"Delega Consultores S.L."},"image":{"@id":"https:\/\/delega.net\/#\/schema\/logo\/image\/"}}]}},"_links":{"self":[{"href":"https:\/\/delega.net\/en\/wp-json\/wp\/v2\/pages\/562"}],"collection":[{"href":"https:\/\/delega.net\/en\/wp-json\/wp\/v2\/pages"}],"about":[{"href":"https:\/\/delega.net\/en\/wp-json\/wp\/v2\/types\/page"}],"author":[{"embeddable":true,"href":"https:\/\/delega.net\/en\/wp-json\/wp\/v2\/users\/2"}],"replies":[{"embeddable":true,"href":"https:\/\/delega.net\/en\/wp-json\/wp\/v2\/comments?post=562"}],"version-history":[{"count":4,"href":"https:\/\/delega.net\/en\/wp-json\/wp\/v2\/pages\/562\/revisions"}],"predecessor-version":[{"id":893,"href":"https:\/\/delega.net\/en\/wp-json\/wp\/v2\/pages\/562\/revisions\/893"}],"wp:attachment":[{"href":"https:\/\/delega.net\/en\/wp-json\/wp\/v2\/media?parent=562"}],"curies":[{"name":"wp","href":"https:\/\/api.w.org\/{rel}","templated":true}]}}