{"id":526,"date":"2023-11-08T12:50:31","date_gmt":"2023-11-08T10:50:31","guid":{"rendered":"https:\/\/delega.net\/?page_id=526"},"modified":"2023-11-08T17:25:56","modified_gmt":"2023-11-08T15:25:56","slug":"aviso-legal","status":"publish","type":"page","link":"https:\/\/delega.net\/en\/aviso-legal\/","title":{"rendered":"Aviso legal"},"content":{"rendered":"<p>[et_pb_section fb_built=\u00bb1&#8243; admin_label=\u00bbHistory\u00bb _builder_version=\u00bb4.16&#8243; global_colors_info=\u00bb{}\u00bb][et_pb_row _builder_version=\u00bb4.16&#8243; custom_margin=\u00bb|||\u00bb custom_padding=\u00bb|||\u00bb global_colors_info=\u00bb{}\u00bb][et_pb_column type=\u00bb4_4&#8243; _builder_version=\u00bb4.16&#8243; custom_padding=\u00bb|||\u00bb global_colors_info=\u00bb{}\u00bb custom_padding__hover=\u00bb|||\u00bb][et_pb_text admin_label=\u00bbAviso Legal\u00bb _builder_version=\u00bb4.21.2&#8243; text_font=\u00bbShare Tech||||||||\u00bb text_text_color=\u00bbrgba(0,0,0,0.02)\u00bb text_font_size=\u00bb100px\u00bb text_line_height=\u00bb0.2em\u00bb header_font=\u00bb||||||||\u00bb header_2_font=\u00bbShare Tech||||||||\u00bb header_2_font_size=\u00bb48px\u00bb header_2_line_height=\u00bb1.4em\u00bb text_orientation=\u00bbcenter\u00bb custom_margin=\u00bb||30px||false\u00bb custom_margin_tablet=\u00bb||0px|\u00bb custom_margin_phone=\u00bb\u00bb custom_margin_last_edited=\u00bbon|tablet\u00bb text_font_size_tablet=\u00bb80px\u00bb text_font_size_phone=\u00bb60px\u00bb text_font_size_last_edited=\u00bbon|desktop\u00bb header_2_font_size_tablet=\u00bb\u00bb header_2_font_size_phone=\u00bb36px\u00bb header_2_font_size_last_edited=\u00bbon|phone\u00bb global_colors_info=\u00bb{}\u00bb]<\/p>\n<h2>Aviso Legal<\/h2>\n<p>[\/et_pb_text][et_pb_text admin_label=\u00bbEn cumplimiento de lo previsto en la Ley 34\/2002, de&#8230;\u00bb _builder_version=\u00bb4.21.2&#8243; text_font=\u00bbOpen Sans||||||||\u00bb text_font_size=\u00bb16px\u00bb text_line_height=\u00bb1.8em\u00bb text_orientation=\u00bbcenter\u00bb max_width=\u00bb700px\u00bb max_width_tablet=\u00bb\u00bb max_width_phone=\u00bb\u00bb max_width_last_edited=\u00bbon|phone\u00bb module_alignment=\u00bbcenter\u00bb locked=\u00bboff\u00bb global_colors_info=\u00bb{}\u00bb]<\/p>\n<p class=\"p1\"><span class=\"s1\">En cumplimiento de lo previsto en la Ley 34\/2002, de 11 de julio, de Servicios de la Sociedad de la Informaci\u00f3n y Comercio Electr\u00f3nico, se comunican los datos siguientes:<\/span><\/p>\n<p class=\"p2\"><span class=\"s1\"><b>TITULAR DEL SITIO WEB<\/b><\/span><\/p>\n<p class=\"p1\"><span class=\"s1\">DENOMINACI\u00d3N SOCIAL: DELEGA CONSULTORES S.L.<\/span><\/p>\n<p class=\"p1\"><span class=\"s1\">CIF: B97251334<\/span><\/p>\n<p class=\"p1\"><span class=\"s1\">DOMICILIO SOCIAL: C\/ Doctor Sanchis Berg\u00f3n, 24 \u2013 46008 Valencia<\/span><\/p>\n<p class=\"p1\"><span class=\"s1\">Email : info@delega.net<\/span><\/p>\n<p class=\"p3\"><span class=\"s1\"><b>DATOS DE INSCRIPCI\u00d3N EN EL REGISTRO MERCANTIL:<\/b><\/span><\/p>\n<p class=\"p1\"><span class=\"s1\">Tomo: 7356 Libro: 4657 Folio: 6 Hoja: V-87161<\/span><\/p>\n<p class=\"p1\"><span class=\"s1\"><b>Aviso legal<\/b><\/span><\/p>\n<p class=\"p1\"><span class=\"s1\">A trav\u00e9s de la p\u00e1gina web\u00a0<a href=\"https:\/\/delega.net\/en\/\"><span class=\"s2\">https:\/\/delega.net<\/span><\/a> \/, DELEGA CONSULTORES S.L. (en adelante DELEGA) ofrece contenidos y servicios relacionados con la consultor\u00eda de empresas<\/span><\/p>\n<p class=\"p1\"><span class=\"s1\">DELEGA podr\u00e1, en el momento que estime oportuno, proporcionar contenidos nuevos o servicios adicionales, gratuitos o no, incrementando las prestaciones del sitio web.<\/span><\/p>\n<p class=\"p1\"><span class=\"s1\">DELEGA se reserva el derecho de cancelar unilateralmente y sin necesidad de aviso previo cualquiera de los contenidos, servicios o utilidades de su sitio web.<\/span><\/p>\n<p class=\"p1\"><span class=\"s1\">El usuario asume bajo su exclusiva responsabilidad las consecuencias, da\u00f1os o acciones que pudieran derivarse del acceso a dichos contenidos, as\u00ed como de su reproducci\u00f3n o difusi\u00f3n.<\/span><\/p>\n<p class=\"p1\"><span class=\"s1\">El uso del sitio web por parte del usuario implica la previa comprensi\u00f3n y la total aceptaci\u00f3n de las presentes condiciones en todos y cada uno de sus extremos.<\/span><\/p>\n<p class=\"p1\"><span class=\"s1\"><b>Exenci\u00f3n de responsabilidad<\/b><\/span><\/p>\n<p class=\"p1\"><span class=\"s1\">DELEGA no se responsabiliza en ning\u00fan caso de da\u00f1os o perjuicios de cualquier naturaleza que pudieran derivarse del uso de su sitio web, ya sea como consecuencia del uso de la informaci\u00f3n contenida en el mismo, o por causa cualquier tipo de defecto o fallo t\u00e9cnico.<\/span><span class=\"s3\"><br \/><\/span><span class=\"s1\">Por tanto, el uso de la informaci\u00f3n de este sitio web y las decisiones que se tomen en raz\u00f3n de la misma por parte del usuario, son realizadas enteramente bajo su propio riesgo.<\/span><\/p>\n<p class=\"p1\"><span class=\"s1\">Asimismo, el usuario exime a\u00a0DELEGA y \u00e9sta excluye toda responsabilidad derivada de los contenidos o servicios de cualquier \u00edndole de sitios web a los que se puede acceder mediante enlaces (links) desde la web de <a href=\"https:\/\/delega.net\/en\/\">https:\/\/delega<\/a>.net<\/span><\/p>\n<p>[\/et_pb_text][\/et_pb_column][\/et_pb_row][\/et_pb_section]<\/p>","protected":false},"excerpt":{"rendered":"<p>Aviso LegalEn cumplimiento de lo previsto en la Ley 34\/2002, de 11 de julio, de Servicios de la Sociedad de la Informaci\u00f3n y Comercio Electr\u00f3nico, se comunican los datos siguientes: TITULAR DEL SITIO WEB DENOMINACI\u00d3N SOCIAL: DELEGA CONSULTORES S.L. CIF: B97251334 DOMICILIO SOCIAL: C\/ Doctor Sanchis Berg\u00f3n, 24 \u2013 46008 Valencia Email : info@delega.net DATOS [&hellip;]<\/p>","protected":false},"author":2,"featured_media":0,"parent":0,"menu_order":0,"comment_status":"closed","ping_status":"closed","template":"","meta":{"_et_pb_use_builder":"on","_et_pb_old_content":"","_et_gb_content_width":""},"yoast_head":"<!-- This site is optimized with the Yoast SEO plugin v21.6 - https:\/\/yoast.com\/wordpress\/plugins\/seo\/ -->\n<title>Aviso legal - Delega Consultores - Consultor\u00eda Estrat\u00e9gica<\/title>\n<meta name=\"robots\" content=\"index, follow, max-snippet:-1, max-image-preview:large, max-video-preview:-1\" \/>\n<link rel=\"canonical\" href=\"https:\/\/delega.net\/en\/aviso-legal\/\" \/>\n<meta property=\"og:locale\" content=\"en_GB\" \/>\n<meta property=\"og:type\" content=\"article\" \/>\n<meta property=\"og:title\" content=\"Aviso legal - Delega Consultores - Consultor\u00eda Estrat\u00e9gica\" \/>\n<meta property=\"og:description\" content=\"Aviso LegalEn cumplimiento de lo previsto en la Ley 34\/2002, de 11 de julio, de Servicios de la Sociedad de la Informaci\u00f3n y Comercio Electr\u00f3nico, se comunican los datos siguientes: TITULAR DEL SITIO WEB DENOMINACI\u00d3N SOCIAL: DELEGA CONSULTORES S.L. CIF: B97251334 DOMICILIO SOCIAL: C\/ Doctor Sanchis Berg\u00f3n, 24 \u2013 46008 Valencia Email : info@delega.net DATOS [&hellip;]\" \/>\n<meta property=\"og:url\" content=\"https:\/\/delega.net\/en\/aviso-legal\/\" \/>\n<meta property=\"og:site_name\" content=\"Delega Consultores - Consultor\u00eda Estrat\u00e9gica\" \/>\n<meta property=\"article:modified_time\" content=\"2023-11-08T15:25:56+00:00\" \/>\n<meta name=\"twitter:card\" content=\"summary_large_image\" \/>\n<meta name=\"twitter:label1\" content=\"Estimated reading time\" \/>\n\t<meta name=\"twitter:data1\" content=\"3 minutes\" \/>\n<script type=\"application\/ld+json\" class=\"yoast-schema-graph\">{\"@context\":\"https:\/\/schema.org\",\"@graph\":[{\"@type\":\"WebPage\",\"@id\":\"https:\/\/delega.net\/aviso-legal\/\",\"url\":\"https:\/\/delega.net\/aviso-legal\/\",\"name\":\"Aviso legal - Delega Consultores - Consultor\u00eda Estrat\u00e9gica\",\"isPartOf\":{\"@id\":\"https:\/\/delega.net\/#website\"},\"datePublished\":\"2023-11-08T10:50:31+00:00\",\"dateModified\":\"2023-11-08T15:25:56+00:00\",\"breadcrumb\":{\"@id\":\"https:\/\/delega.net\/aviso-legal\/#breadcrumb\"},\"inLanguage\":\"en-GB\",\"potentialAction\":[{\"@type\":\"ReadAction\",\"target\":[\"https:\/\/delega.net\/aviso-legal\/\"]}]},{\"@type\":\"BreadcrumbList\",\"@id\":\"https:\/\/delega.net\/aviso-legal\/#breadcrumb\",\"itemListElement\":[{\"@type\":\"ListItem\",\"position\":1,\"name\":\"Portada\",\"item\":\"https:\/\/delega.net\/\"},{\"@type\":\"ListItem\",\"position\":2,\"name\":\"Aviso legal\"}]},{\"@type\":\"WebSite\",\"@id\":\"https:\/\/delega.net\/#website\",\"url\":\"https:\/\/delega.net\/\",\"name\":\"Delega Consultores\",\"description\":\"DELEGA Consultores es una empresa dedicada a la Consultor\u00eda Estrat\u00e9gica con un cat\u00e1logo de servicios dirigidos al sector privado y p\u00fablico. La filosof\u00eda de trabajo que le caracteriza es la de &quot;ense\u00f1ar a hacer&quot;\",\"publisher\":{\"@id\":\"https:\/\/delega.net\/#organization\"},\"alternateName\":\"Delega Consultores\",\"potentialAction\":[{\"@type\":\"SearchAction\",\"target\":{\"@type\":\"EntryPoint\",\"urlTemplate\":\"https:\/\/delega.net\/?s={search_term_string}\"},\"query-input\":\"required name=search_term_string\"}],\"inLanguage\":\"en-GB\"},{\"@type\":\"Organization\",\"@id\":\"https:\/\/delega.net\/#organization\",\"name\":\"Delega Consultores S.L.\",\"url\":\"https:\/\/delega.net\/\",\"logo\":{\"@type\":\"ImageObject\",\"inLanguage\":\"en-GB\",\"@id\":\"https:\/\/delega.net\/#\/schema\/logo\/image\/\",\"url\":\"https:\/\/delega.net\/wp-content\/uploads\/2023\/08\/Delega_logo_vectorizado_azul.svg\",\"contentUrl\":\"https:\/\/delega.net\/wp-content\/uploads\/2023\/08\/Delega_logo_vectorizado_azul.svg\",\"width\":1,\"height\":1,\"caption\":\"Delega Consultores S.L.\"},\"image\":{\"@id\":\"https:\/\/delega.net\/#\/schema\/logo\/image\/\"}}]}<\/script>\n<!-- \/ Yoast SEO plugin. -->","yoast_head_json":{"title":"Aviso legal - Delega Consultores - Consultor\u00eda Estrat\u00e9gica","robots":{"index":"index","follow":"follow","max-snippet":"max-snippet:-1","max-image-preview":"max-image-preview:large","max-video-preview":"max-video-preview:-1"},"canonical":"https:\/\/delega.net\/en\/aviso-legal\/","og_locale":"en_GB","og_type":"article","og_title":"Aviso legal - Delega Consultores - Consultor\u00eda Estrat\u00e9gica","og_description":"Aviso LegalEn cumplimiento de lo previsto en la Ley 34\/2002, de 11 de julio, de Servicios de la Sociedad de la Informaci\u00f3n y Comercio Electr\u00f3nico, se comunican los datos siguientes: TITULAR DEL SITIO WEB DENOMINACI\u00d3N SOCIAL: DELEGA CONSULTORES S.L. CIF: B97251334 DOMICILIO SOCIAL: C\/ Doctor Sanchis Berg\u00f3n, 24 \u2013 46008 Valencia Email : info@delega.net DATOS [&hellip;]","og_url":"https:\/\/delega.net\/en\/aviso-legal\/","og_site_name":"Delega Consultores - Consultor\u00eda Estrat\u00e9gica","article_modified_time":"2023-11-08T15:25:56+00:00","twitter_card":"summary_large_image","twitter_misc":{"Estimated reading time":"3 minutes"},"schema":{"@context":"https:\/\/schema.org","@graph":[{"@type":"WebPage","@id":"https:\/\/delega.net\/aviso-legal\/","url":"https:\/\/delega.net\/aviso-legal\/","name":"Aviso legal - Delega Consultores - Consultor\u00eda Estrat\u00e9gica","isPartOf":{"@id":"https:\/\/delega.net\/#website"},"datePublished":"2023-11-08T10:50:31+00:00","dateModified":"2023-11-08T15:25:56+00:00","breadcrumb":{"@id":"https:\/\/delega.net\/aviso-legal\/#breadcrumb"},"inLanguage":"en-GB","potentialAction":[{"@type":"ReadAction","target":["https:\/\/delega.net\/aviso-legal\/"]}]},{"@type":"BreadcrumbList","@id":"https:\/\/delega.net\/aviso-legal\/#breadcrumb","itemListElement":[{"@type":"ListItem","position":1,"name":"Portada","item":"https:\/\/delega.net\/"},{"@type":"ListItem","position":2,"name":"Aviso legal"}]},{"@type":"WebSite","@id":"https:\/\/delega.net\/#website","url":"https:\/\/delega.net\/","name":"Delega Consultores","description":"DELEGA Consultores es una empresa dedicada a la Consultor\u00eda Estrat\u00e9gica con un cat\u00e1logo de servicios dirigidos al sector privado y p\u00fablico. La filosof\u00eda de trabajo que le caracteriza es la de &quot;ense\u00f1ar a hacer&quot;","publisher":{"@id":"https:\/\/delega.net\/#organization"},"alternateName":"Delega Consultores","potentialAction":[{"@type":"SearchAction","target":{"@type":"EntryPoint","urlTemplate":"https:\/\/delega.net\/?s={search_term_string}"},"query-input":"required name=search_term_string"}],"inLanguage":"en-GB"},{"@type":"Organization","@id":"https:\/\/delega.net\/#organization","name":"Delega Consultores S.L.","url":"https:\/\/delega.net\/","logo":{"@type":"ImageObject","inLanguage":"en-GB","@id":"https:\/\/delega.net\/#\/schema\/logo\/image\/","url":"https:\/\/delega.net\/wp-content\/uploads\/2023\/08\/Delega_logo_vectorizado_azul.svg","contentUrl":"https:\/\/delega.net\/wp-content\/uploads\/2023\/08\/Delega_logo_vectorizado_azul.svg","width":1,"height":1,"caption":"Delega Consultores S.L."},"image":{"@id":"https:\/\/delega.net\/#\/schema\/logo\/image\/"}}]}},"_links":{"self":[{"href":"https:\/\/delega.net\/en\/wp-json\/wp\/v2\/pages\/526"}],"collection":[{"href":"https:\/\/delega.net\/en\/wp-json\/wp\/v2\/pages"}],"about":[{"href":"https:\/\/delega.net\/en\/wp-json\/wp\/v2\/types\/page"}],"author":[{"embeddable":true,"href":"https:\/\/delega.net\/en\/wp-json\/wp\/v2\/users\/2"}],"replies":[{"embeddable":true,"href":"https:\/\/delega.net\/en\/wp-json\/wp\/v2\/comments?post=526"}],"version-history":[{"count":5,"href":"https:\/\/delega.net\/en\/wp-json\/wp\/v2\/pages\/526\/revisions"}],"predecessor-version":[{"id":561,"href":"https:\/\/delega.net\/en\/wp-json\/wp\/v2\/pages\/526\/revisions\/561"}],"wp:attachment":[{"href":"https:\/\/delega.net\/en\/wp-json\/wp\/v2\/media?parent=526"}],"curies":[{"name":"wp","href":"https:\/\/api.w.org\/{rel}","templated":true}]}}