{"id":43,"date":"2023-08-15T13:52:14","date_gmt":"2023-08-15T11:52:14","guid":{"rendered":"https:\/\/delega.net\/?page_id=43"},"modified":"2024-07-04T10:13:46","modified_gmt":"2024-07-04T08:13:46","slug":"contacto","status":"publish","type":"page","link":"https:\/\/delega.net\/en\/contacto\/","title":{"rendered":"Contacto"},"content":{"rendered":"<p>[et_pb_section fb_built=\u00bb1&#8243; fullwidth=\u00bbon\u00bb admin_label=\u00bbHero\u00bb _builder_version=\u00bb4.16&#8243; background_image=\u00bbhttps:\/\/delega.net\/wp-content\/uploads\/2023\/08\/it-services-06.jpg\u00bb parallax=\u00bbon\u00bb custom_padding=\u00bb0px|0|0px|0px|false|false\u00bb global_colors_info=\u00bb{}\u00bb][et_pb_fullwidth_header title=\u00bbCont\u00e1ctanos\u00bb text_orientation=\u00bbcenter\u00bb admin_label=\u00bbCont\u00e1ctanos\u00bb _builder_version=\u00bb4.21.2&#8243; title_font=\u00bbShare Tech||||||||\u00bb title_text_align=\u00bbcenter\u00bb title_font_size=\u00bb80px\u00bb title_line_height=\u00bb1.2em\u00bb content_font=\u00bbOpen Sans||||||||\u00bb content_text_align=\u00bbcenter\u00bb content_font_size=\u00bb18px\u00bb content_line_height=\u00bb1.8em\u00bb background_color=\u00bbrgba(0,72,114,0.75)\u00bb parallax=\u00bbon\u00bb parallax_method=\u00bbon\u00bb custom_button_one=\u00bbon\u00bb button_one_text_size=\u00bb15px\u00bb button_one_bg_color=\u00bb#ffa727&#8243; button_one_border_width=\u00bb15px\u00bb button_one_border_color=\u00bb#ffa727&#8243; button_one_border_radius=\u00bb100px\u00bb button_one_letter_spacing=\u00bb5px\u00bb button_one_font=\u00bbOpen Sans|700||on|||||\u00bb custom_margin=\u00bb|||\u00bb custom_padding=\u00bb10vw||10vw||true\u00bb custom_padding_tablet=\u00bb100px||100px||true\u00bb custom_padding_phone=\u00bb|||\u00bb custom_padding_last_edited=\u00bbon|desktop\u00bb title_font_size_tablet=\u00bb60px\u00bb title_font_size_phone=\u00bb36px\u00bb title_font_size_last_edited=\u00bbon|phone\u00bb content_font_size_tablet=\u00bb\u00bb content_font_size_phone=\u00bb16px\u00bb content_font_size_last_edited=\u00bbon|phone\u00bb button_one_text_size_tablet=\u00bb\u00bb button_one_text_size_phone=\u00bb\u00bb button_one_text_size_last_edited=\u00bbon|desktop\u00bb button_one_border_color_hover=\u00bb#ff8a3d\u00bb button_one_border_radius_hover=\u00bb100px\u00bb button_one_letter_spacing_hover=\u00bb5px\u00bb button_one_bg_color_hover=\u00bb#ff8a3d\u00bb global_colors_info=\u00bb{}\u00bb button_one_text_size__hover_enabled=\u00bboff\u00bb button_two_text_size__hover_enabled=\u00bboff\u00bb button_one_text_color__hover_enabled=\u00bboff\u00bb button_two_text_color__hover_enabled=\u00bboff\u00bb button_one_border_width__hover_enabled=\u00bboff\u00bb button_two_border_width__hover_enabled=\u00bboff\u00bb button_one_border_color__hover_enabled=\u00bbon\u00bb button_one_border_color__hover=\u00bb#ff8a3d\u00bb button_two_border_color__hover_enabled=\u00bboff\u00bb button_one_border_radius__hover_enabled=\u00bbon\u00bb button_one_border_radius__hover=\u00bb100px\u00bb button_two_border_radius__hover_enabled=\u00bboff\u00bb button_one_letter_spacing__hover_enabled=\u00bbon\u00bb button_one_letter_spacing__hover=\u00bb5px\u00bb button_two_letter_spacing__hover_enabled=\u00bboff\u00bb button_one_bg_color__hover_enabled=\u00bbon\u00bb button_one_bg_color__hover=\u00bb#ff8a3d\u00bb button_two_bg_color__hover_enabled=\u00bboff\u00bb]<\/p>\n<p>\u00a1Estamos aqu\u00ed para ayudarte! Si tienes preguntas, comentarios o deseas m\u00e1s informaci\u00f3n sobre nuestros servicios de consultor\u00eda, no dudes en ponerte en contacto con nosotros.<br \/>\u00a1Esperamos con inter\u00e9s trabajar contigo y encontrar soluciones juntos!<\/p>\n<p>[\/et_pb_fullwidth_header][\/et_pb_section][et_pb_section fb_built=\u00bb1&#8243; use_custom_gutter=\u00bbon\u00bb gutter_width=\u00bb2&#8243; specialty=\u00bbon\u00bb padding_top_1=\u00bb0px\u00bb padding_top_2=\u00bb0px\u00bb padding_bottom_1=\u00bb0px\u00bb padding_bottom_2=\u00bb0px\u00bb padding_top_bottom_link_1=\u00bbtrue\u00bb padding_top_bottom_link_2=\u00bbtrue\u00bb admin_label=\u00bbButton Bar\u00bb _builder_version=\u00bb4.16&#8243; background_color=\u00bbrgba(255,255,255,0)\u00bb inner_width=\u00bb100%\u00bb inner_max_width=\u00bb100%\u00bb custom_margin=\u00bb-36px|||\u00bb custom_padding=\u00bb0||||false|false\u00bb use_custom_width=\u00bbon\u00bb width_unit=\u00bboff\u00bb custom_width_percent=\u00bb100%\u00bb global_module=\u00bb340&#8243; saved_tabs=\u00bball\u00bb global_colors_info=\u00bb{}\u00bb][et_pb_column type=\u00bb1_2&#8243; _builder_version=\u00bb4.16&#8243; custom_padding=\u00bb|||\u00bb global_colors_info=\u00bb{}\u00bb custom_padding__hover=\u00bb|||\u00bb][et_pb_blurb url=\u00bbhttps:\/\/delega.net\/servicios\/#informesyperitajes\u00bb content_max_width=\u00bb1100px\u00bb content_max_width_last_edited=\u00bboff|desktop\u00bb admin_label=\u00bbServicios de consultor\u00eda\u00bb _builder_version=\u00bb4.21.2&#8243; header_font=\u00bbOpen Sans|700||on|||||\u00bb header_font_size=\u00bb14px\u00bb header_letter_spacing=\u00bb5px\u00bb header_line_height=\u00bb2em\u00bb body_font=\u00bb|700||on|||||\u00bb body_letter_spacing=\u00bb5px\u00bb body_line_height=\u00bb2em\u00bb background_color=\u00bb#0c71c3&#8243; text_orientation=\u00bbright\u00bb background_layout=\u00bbdark\u00bb custom_padding=\u00bb20px|40px|20px|40px|false|true\u00bb animation_style=\u00bbslide\u00bb animation_direction=\u00bbleft\u00bb animation_intensity_slide=\u00bb5%\u00bb link_option_url=\u00bbhttps:\/\/delega.net\/servicios\/#informesyperitajes\u00bb border_radii=\u00bb||100px|100px|\u00bb locked=\u00bboff\u00bb global_colors_info=\u00bb{}\u00bb]<\/p>\n<p>INFORMES ETOP<\/p>\n<p>[\/et_pb_blurb][\/et_pb_column][et_pb_column type=\u00bb1_2&#8243; specialty_columns=\u00bb2&#8243; _builder_version=\u00bb4.16&#8243; custom_padding=\u00bb|||\u00bb global_colors_info=\u00bb{}\u00bb custom_padding__hover=\u00bb|||\u00bb][et_pb_row_inner column_structure=\u00bb1_2,1_2&#8243; custom_padding_last_edited=\u00bbon|desktop\u00bb _builder_version=\u00bb4.21.2&#8243; custom_padding=\u00bb0|25%|0|0px|true|false\u00bb custom_padding_tablet=\u00bb|10%||10%||true\u00bb custom_padding_phone=\u00bb\u00bb collapsed=\u00bboff\u00bb global_colors_info=\u00bb{}\u00bb][et_pb_column_inner type=\u00bb1_2&#8243; saved_specialty_column_type=\u00bb1_2&#8243; _builder_version=\u00bb4.21.2&#8243; custom_padding=\u00bb|||\u00bb global_colors_info=\u00bb{}\u00bb custom_padding__hover=\u00bb|||\u00bb][et_pb_button button_url=\u00bbhttps:\/\/delega.net\/servicios\/#consultoriadedireccion\u00bb button_text=\u00bbCONSULTOR\u00cdA\u00bb button_alignment=\u00bbcenter\u00bb admin_label=\u00bbCONSULTOR\u00cdA\u00bb _builder_version=\u00bb4.21.2&#8243; custom_button=\u00bbon\u00bb button_text_size=\u00bb14px\u00bb button_text_color=\u00bb#ffffff\u00bb button_bg_color=\u00bb#0C71C3&#8243; button_bg_color_gradient_direction=\u00bb90deg\u00bb button_bg_color_gradient_stops=\u00bb#ffa727 0%|#FF8A3D 100%\u00bb button_bg_color_gradient_start=\u00bb#ffa727&#8243; button_bg_color_gradient_end=\u00bb#FF8A3D\u00bb button_border_width=\u00bb0px\u00bb button_border_radius=\u00bb100px\u00bb button_letter_spacing=\u00bb5px\u00bb button_font=\u00bbOpen Sans|700||on|||||\u00bb button_use_icon=\u00bboff\u00bb custom_padding=\u00bb23px|24px|23px|24px|true|true\u00bb animation_style=\u00bbslide\u00bb animation_direction=\u00bbleft\u00bb button_border_radius_hover=\u00bb100px\u00bb button_letter_spacing_hover=\u00bb5px\u00bb button_bg_color_hover=\u00bb#3980f9&#8243; locked=\u00bboff\u00bb global_colors_info=\u00bb{}\u00bb button_text_size__hover_enabled=\u00bboff\u00bb button_one_text_size__hover_enabled=\u00bboff\u00bb button_two_text_size__hover_enabled=\u00bboff\u00bb button_text_color__hover_enabled=\u00bboff\u00bb button_one_text_color__hover_enabled=\u00bboff\u00bb button_two_text_color__hover_enabled=\u00bboff\u00bb button_border_width__hover_enabled=\u00bboff\u00bb button_one_border_width__hover_enabled=\u00bboff\u00bb button_two_border_width__hover_enabled=\u00bboff\u00bb button_border_color__hover_enabled=\u00bboff\u00bb button_one_border_color__hover_enabled=\u00bboff\u00bb button_two_border_color__hover_enabled=\u00bboff\u00bb button_border_radius__hover_enabled=\u00bbon\u00bb button_border_radius__hover=\u00bb100px\u00bb button_one_border_radius__hover_enabled=\u00bboff\u00bb button_two_border_radius__hover_enabled=\u00bboff\u00bb button_letter_spacing__hover_enabled=\u00bbon\u00bb button_letter_spacing__hover=\u00bb5px\u00bb button_one_letter_spacing__hover_enabled=\u00bboff\u00bb button_two_letter_spacing__hover_enabled=\u00bboff\u00bb button_bg_color__hover_enabled=\u00bbon\u00bb button_bg_color__hover=\u00bb#3980f9&#8243; button_one_bg_color__hover_enabled=\u00bboff\u00bb button_two_bg_color__hover_enabled=\u00bboff\u00bb][\/et_pb_button][\/et_pb_column_inner][et_pb_column_inner type=\u00bb1_2&#8243; saved_specialty_column_type=\u00bb1_2&#8243; _builder_version=\u00bb4.16&#8243; custom_padding=\u00bb|||\u00bb global_colors_info=\u00bb{}\u00bb custom_padding__hover=\u00bb|||\u00bb][et_pb_button button_url=\u00bbhttps:\/\/delega.net\/servicios#analisisymejoradeprocesosinternos\u00bb button_text=\u00bbPROCESOS\u00bb button_alignment=\u00bbcenter\u00bb admin_label=\u00bbPROCESOS\u00bb _builder_version=\u00bb4.21.2&#8243; custom_button=\u00bbon\u00bb button_text_size=\u00bb14px\u00bb button_text_color=\u00bb#ffffff\u00bb button_bg_color=\u00bb#0c71c3&#8243; button_bg_color_gradient_direction=\u00bb90deg\u00bb button_bg_color_gradient_stops=\u00bb#ffa727 0%|#FF8A3D 100%\u00bb button_bg_color_gradient_start=\u00bb#ffa727&#8243; button_bg_color_gradient_end=\u00bb#FF8A3D\u00bb button_border_width=\u00bb0px\u00bb button_border_radius=\u00bb100px\u00bb button_letter_spacing=\u00bb5px\u00bb button_font=\u00bbOpen Sans|700||on|||||\u00bb button_use_icon=\u00bboff\u00bb custom_padding=\u00bb23px|24px|23px|24px|true|true\u00bb animation_style=\u00bbslide\u00bb animation_direction=\u00bbleft\u00bb animation_intensity_slide=\u00bb70%\u00bb button_border_radius_hover=\u00bb100px\u00bb button_letter_spacing_hover=\u00bb5px\u00bb button_bg_color_hover=\u00bb#3980f9&#8243; locked=\u00bboff\u00bb global_colors_info=\u00bb{}\u00bb button_text_size__hover_enabled=\u00bboff\u00bb button_one_text_size__hover_enabled=\u00bboff\u00bb button_two_text_size__hover_enabled=\u00bboff\u00bb button_text_color__hover_enabled=\u00bboff\u00bb button_one_text_color__hover_enabled=\u00bboff\u00bb button_two_text_color__hover_enabled=\u00bboff\u00bb button_border_width__hover_enabled=\u00bboff\u00bb button_one_border_width__hover_enabled=\u00bboff\u00bb button_two_border_width__hover_enabled=\u00bboff\u00bb button_border_color__hover_enabled=\u00bboff\u00bb button_one_border_color__hover_enabled=\u00bboff\u00bb button_two_border_color__hover_enabled=\u00bboff\u00bb button_border_radius__hover_enabled=\u00bbon\u00bb button_border_radius__hover=\u00bb100px\u00bb button_one_border_radius__hover_enabled=\u00bboff\u00bb button_two_border_radius__hover_enabled=\u00bboff\u00bb button_letter_spacing__hover_enabled=\u00bbon\u00bb button_letter_spacing__hover=\u00bb5px\u00bb button_one_letter_spacing__hover_enabled=\u00bboff\u00bb button_two_letter_spacing__hover_enabled=\u00bboff\u00bb button_bg_color__hover_enabled=\u00bbon\u00bb button_bg_color__hover=\u00bb#3980f9&#8243; button_one_bg_color__hover_enabled=\u00bboff\u00bb button_two_bg_color__hover_enabled=\u00bboff\u00bb][\/et_pb_button][\/et_pb_column_inner][\/et_pb_row_inner][\/et_pb_column][\/et_pb_section][et_pb_section fb_built=\u00bb1&#8243; admin_label=\u00bbContact Info\u00bb _builder_version=\u00bb4.16&#8243; global_colors_info=\u00bb{}\u00bb][et_pb_row _builder_version=\u00bb4.16&#8243; custom_margin=\u00bb|||\u00bb custom_padding=\u00bb|||\u00bb locked=\u00bboff\u00bb global_colors_info=\u00bb{}\u00bb][et_pb_column type=\u00bb4_4&#8243; _builder_version=\u00bb4.16&#8243; custom_padding=\u00bb|||\u00bb global_colors_info=\u00bb{}\u00bb custom_padding__hover=\u00bb|||\u00bb][et_pb_blurb title=\u00bbCORREO\u00bb image=\u00bbhttps:\/\/delega.net\/wp-content\/uploads\/2023\/08\/line-icons-41.png\u00bb admin_label=\u00bbCorreo\u00bb _builder_version=\u00bb4.21.2&#8243; header_level=\u00bbh2&#8243; header_font=\u00bbShare Tech||||||||\u00bb header_text_align=\u00bbcenter\u00bb header_font_size=\u00bb24px\u00bb header_line_height=\u00bb1.2em\u00bb body_font=\u00bbOpen Sans||||||||\u00bb body_font_size=\u00bb16px\u00bb body_line_height=\u00bb1.8em\u00bb background_color=\u00bb#15314e\u00bb background_layout=\u00bbdark\u00bb custom_padding=\u00bb40px|30px|40px|30px|true|true\u00bb animation_style=\u00bbfold\u00bb animation_delay=\u00bb100ms\u00bb animation=\u00bboff\u00bb border_width_all=\u00bb1px\u00bb border_color_all=\u00bbrgba(21,49,78,0.17)\u00bb locked=\u00bboff\u00bb global_colors_info=\u00bb{}\u00bb]<\/p>\n<p style=\"text-align: center;\"><span style=\"color: #ffffff;\"><a href=\"mailto:info@delega.net\" style=\"color: #ffffff;\">info@delega.net<\/a><\/span><\/p>\n<p>[\/et_pb_blurb][\/et_pb_column][\/et_pb_row][et_pb_row admin_label=\u00bbContact us\u00bb _builder_version=\u00bb4.16&#8243; global_colors_info=\u00bb{}\u00bb][et_pb_column type=\u00bb4_4&#8243; _builder_version=\u00bb4.16&#8243; custom_padding=\u00bb|||\u00bb global_colors_info=\u00bb{}\u00bb custom_padding__hover=\u00bb|||\u00bb][et_pb_toggle title=\u00bb\u00bfQu\u00e9 servicios nos ofrece Delega Consultores?\u00bb admin_label=\u00bb\u00bfQu\u00e9 servicios&#8230;\u00bb _builder_version=\u00bb4.21.2&#8243; title_level=\u00bbh3&#8243; title_font=\u00bbShare Tech||||||||\u00bb background_color=\u00bb#f1f1f1&#8243; custom_margin=\u00bb||8px|\u00bb custom_padding=\u00bb16px||16px||true\u00bb border_width_all=\u00bb0px\u00bb global_colors_info=\u00bb{}\u00bb]<\/p>\n<p>Ofrecemos una amplia gama de servicios de consultor\u00eda, que abarcan desde estrategias empresariales hasta soluciones de tecnolog\u00eda y gesti\u00f3n de recursos.<\/p>\n<p>[\/et_pb_toggle][et_pb_toggle title=\u00bb\u00bfC\u00f3mo puedo solicitar una consulta inicial?\u00bb admin_label=\u00bb\u00bfC\u00f3mo puedo&#8230;\u00bb _builder_version=\u00bb4.21.2&#8243; title_level=\u00bbh3&#8243; title_font=\u00bbShare Tech||||||||\u00bb background_color=\u00bb#f1f1f1&#8243; custom_margin=\u00bb||8px|\u00bb custom_padding=\u00bb16px||16px||true\u00bb border_width_all=\u00bb0px\u00bb global_colors_info=\u00bb{}\u00bb]<\/p>\n<p>Puedes solicitar una consulta inicial completando el formulario de contacto en nuestra p\u00e1gina o enviando un correo a <a href=\"mailto:info@delega.net\">info@delega.net<\/a>.<\/p>\n<p>[\/et_pb_toggle][et_pb_toggle title=\u00bb\u00bfCu\u00e1l es la experiencia de su equipo de consultores?\u00bb admin_label=\u00bb\u00bfCu\u00e1l es la experiencia&#8230;\u00bb _builder_version=\u00bb4.21.2&#8243; title_level=\u00bbh3&#8243; title_font=\u00bbShare Tech||||||||\u00bb background_color=\u00bb#f1f1f1&#8243; custom_margin=\u00bb||8px|\u00bb custom_padding=\u00bb16px||16px||true\u00bb border_width_all=\u00bb0px\u00bb global_colors_info=\u00bb{}\u00bb]<\/p>\n<p>Nuestro equipo cuenta con a\u00f1os de experiencia en diversas industrias y disciplinas, lo que nos permite brindar conocimientos s\u00f3lidos y soluciones efectivas.<\/p>\n<p>[\/et_pb_toggle][et_pb_toggle title=\u00bb\u00bfTrabajan con empresas de todos los tama\u00f1os?\u00bb admin_label=\u00bb\u00bfTrabajan con empresas&#8230;\u00bb _builder_version=\u00bb4.21.2&#8243; title_level=\u00bbh3&#8243; title_font=\u00bbShare Tech||||||||\u00bb background_color=\u00bb#f1f1f1&#8243; custom_margin=\u00bb||8px|\u00bb custom_padding=\u00bb16px||16px||true\u00bb border_width_all=\u00bb0px\u00bb global_colors_info=\u00bb{}\u00bb]<\/p>\n<p>S\u00ed, trabajamos con empresas de todos los tama\u00f1os, desde startups hasta corporaciones consolidadas. Adaptamos nuestras soluciones a las necesidades espec\u00edficas de cada cliente.<\/p>\n<p>[\/et_pb_toggle][et_pb_toggle title=\u00bb\u00bfC\u00f3mo garantizan la confidencialidad de la informaci\u00f3n?\u00bb admin_label=\u00bb\u00bfC\u00f3mo garantizan la&#8230;\u00bb _builder_version=\u00bb4.21.2&#8243; title_level=\u00bbh3&#8243; title_font=\u00bbShare Tech||||||||\u00bb background_color=\u00bb#f1f1f1&#8243; custom_margin=\u00bb||8px|\u00bb custom_padding=\u00bb16px||16px||true\u00bb border_width_all=\u00bb0px\u00bb global_colors_info=\u00bb{}\u00bb]<\/p>\n<p>La confidencialidad es primordial para nosotros. Firmamos acuerdos de confidencialidad con nuestros clientes y tomamos medidas de seguridad para proteger su informaci\u00f3n en todo momento.<\/p>\n<p>[\/et_pb_toggle][\/et_pb_column][\/et_pb_row][\/et_pb_section]<\/p>","protected":false},"excerpt":{"rendered":"<p>\u00a1Estamos aqu\u00ed para ayudarte! Si tienes preguntas, comentarios o deseas m\u00e1s informaci\u00f3n sobre nuestros servicios de consultor\u00eda, no dudes en ponerte en contacto con nosotros.\u00a1Esperamos con inter\u00e9s trabajar contigo y encontrar soluciones juntos!INFORMES ETOPinfo@delega.netOfrecemos una amplia gama de servicios de consultor\u00eda, que abarcan desde estrategias empresariales hasta soluciones de tecnolog\u00eda y gesti\u00f3n de recursos.Puedes solicitar [&hellip;]<\/p>","protected":false},"author":2,"featured_media":0,"parent":0,"menu_order":0,"comment_status":"closed","ping_status":"closed","template":"","meta":{"_et_pb_use_builder":"on","_et_pb_old_content":"","_et_gb_content_width":""},"yoast_head":"<!-- This site is optimized with the Yoast SEO plugin v21.6 - https:\/\/yoast.com\/wordpress\/plugins\/seo\/ -->\n<title>Contacto - Delega Consultores - Consultor\u00eda Estrat\u00e9gica<\/title>\n<meta name=\"robots\" content=\"index, follow, max-snippet:-1, max-image-preview:large, max-video-preview:-1\" \/>\n<link rel=\"canonical\" href=\"https:\/\/delega.net\/en\/contacto\/\" \/>\n<meta property=\"og:locale\" content=\"en_GB\" \/>\n<meta property=\"og:type\" content=\"article\" \/>\n<meta property=\"og:title\" content=\"Contacto - Delega Consultores - Consultor\u00eda Estrat\u00e9gica\" \/>\n<meta property=\"og:description\" content=\"\u00a1Estamos aqu\u00ed para ayudarte! Si tienes preguntas, comentarios o deseas m\u00e1s informaci\u00f3n sobre nuestros servicios de consultor\u00eda, no dudes en ponerte en contacto con nosotros.\u00a1Esperamos con inter\u00e9s trabajar contigo y encontrar soluciones juntos!INFORMES ETOPinfo@delega.netOfrecemos una amplia gama de servicios de consultor\u00eda, que abarcan desde estrategias empresariales hasta soluciones de tecnolog\u00eda y gesti\u00f3n de recursos.Puedes solicitar [&hellip;]\" \/>\n<meta property=\"og:url\" content=\"https:\/\/delega.net\/en\/contacto\/\" \/>\n<meta property=\"og:site_name\" content=\"Delega Consultores - Consultor\u00eda Estrat\u00e9gica\" \/>\n<meta property=\"article:modified_time\" content=\"2024-07-04T08:13:46+00:00\" \/>\n<meta name=\"twitter:card\" content=\"summary_large_image\" \/>\n<meta name=\"twitter:label1\" content=\"Estimated reading time\" \/>\n\t<meta name=\"twitter:data1\" content=\"9 minutes\" \/>\n<script type=\"application\/ld+json\" class=\"yoast-schema-graph\">{\"@context\":\"https:\/\/schema.org\",\"@graph\":[{\"@type\":\"WebPage\",\"@id\":\"https:\/\/delega.net\/contacto\/\",\"url\":\"https:\/\/delega.net\/contacto\/\",\"name\":\"Contacto - Delega Consultores - Consultor\u00eda Estrat\u00e9gica\",\"isPartOf\":{\"@id\":\"https:\/\/delega.net\/#website\"},\"datePublished\":\"2023-08-15T11:52:14+00:00\",\"dateModified\":\"2024-07-04T08:13:46+00:00\",\"breadcrumb\":{\"@id\":\"https:\/\/delega.net\/contacto\/#breadcrumb\"},\"inLanguage\":\"en-GB\",\"potentialAction\":[{\"@type\":\"ReadAction\",\"target\":[\"https:\/\/delega.net\/contacto\/\"]}]},{\"@type\":\"BreadcrumbList\",\"@id\":\"https:\/\/delega.net\/contacto\/#breadcrumb\",\"itemListElement\":[{\"@type\":\"ListItem\",\"position\":1,\"name\":\"Portada\",\"item\":\"https:\/\/delega.net\/\"},{\"@type\":\"ListItem\",\"position\":2,\"name\":\"Contacto\"}]},{\"@type\":\"WebSite\",\"@id\":\"https:\/\/delega.net\/#website\",\"url\":\"https:\/\/delega.net\/\",\"name\":\"Delega Consultores\",\"description\":\"DELEGA Consultores es una empresa dedicada a la Consultor\u00eda Estrat\u00e9gica con un cat\u00e1logo de servicios dirigidos al sector privado y p\u00fablico. La filosof\u00eda de trabajo que le caracteriza es la de &quot;ense\u00f1ar a hacer&quot;\",\"publisher\":{\"@id\":\"https:\/\/delega.net\/#organization\"},\"alternateName\":\"Delega Consultores\",\"potentialAction\":[{\"@type\":\"SearchAction\",\"target\":{\"@type\":\"EntryPoint\",\"urlTemplate\":\"https:\/\/delega.net\/?s={search_term_string}\"},\"query-input\":\"required name=search_term_string\"}],\"inLanguage\":\"en-GB\"},{\"@type\":\"Organization\",\"@id\":\"https:\/\/delega.net\/#organization\",\"name\":\"Delega Consultores S.L.\",\"url\":\"https:\/\/delega.net\/\",\"logo\":{\"@type\":\"ImageObject\",\"inLanguage\":\"en-GB\",\"@id\":\"https:\/\/delega.net\/#\/schema\/logo\/image\/\",\"url\":\"https:\/\/delega.net\/wp-content\/uploads\/2023\/08\/Delega_logo_vectorizado_azul.svg\",\"contentUrl\":\"https:\/\/delega.net\/wp-content\/uploads\/2023\/08\/Delega_logo_vectorizado_azul.svg\",\"width\":1,\"height\":1,\"caption\":\"Delega Consultores S.L.\"},\"image\":{\"@id\":\"https:\/\/delega.net\/#\/schema\/logo\/image\/\"}}]}<\/script>\n<!-- \/ Yoast SEO plugin. -->","yoast_head_json":{"title":"Contacto - Delega Consultores - Consultor\u00eda Estrat\u00e9gica","robots":{"index":"index","follow":"follow","max-snippet":"max-snippet:-1","max-image-preview":"max-image-preview:large","max-video-preview":"max-video-preview:-1"},"canonical":"https:\/\/delega.net\/en\/contacto\/","og_locale":"en_GB","og_type":"article","og_title":"Contacto - Delega Consultores - Consultor\u00eda Estrat\u00e9gica","og_description":"\u00a1Estamos aqu\u00ed para ayudarte! Si tienes preguntas, comentarios o deseas m\u00e1s informaci\u00f3n sobre nuestros servicios de consultor\u00eda, no dudes en ponerte en contacto con nosotros.\u00a1Esperamos con inter\u00e9s trabajar contigo y encontrar soluciones juntos!INFORMES ETOPinfo@delega.netOfrecemos una amplia gama de servicios de consultor\u00eda, que abarcan desde estrategias empresariales hasta soluciones de tecnolog\u00eda y gesti\u00f3n de recursos.Puedes solicitar [&hellip;]","og_url":"https:\/\/delega.net\/en\/contacto\/","og_site_name":"Delega Consultores - Consultor\u00eda Estrat\u00e9gica","article_modified_time":"2024-07-04T08:13:46+00:00","twitter_card":"summary_large_image","twitter_misc":{"Estimated reading time":"9 minutes"},"schema":{"@context":"https:\/\/schema.org","@graph":[{"@type":"WebPage","@id":"https:\/\/delega.net\/contacto\/","url":"https:\/\/delega.net\/contacto\/","name":"Contacto - Delega Consultores - Consultor\u00eda Estrat\u00e9gica","isPartOf":{"@id":"https:\/\/delega.net\/#website"},"datePublished":"2023-08-15T11:52:14+00:00","dateModified":"2024-07-04T08:13:46+00:00","breadcrumb":{"@id":"https:\/\/delega.net\/contacto\/#breadcrumb"},"inLanguage":"en-GB","potentialAction":[{"@type":"ReadAction","target":["https:\/\/delega.net\/contacto\/"]}]},{"@type":"BreadcrumbList","@id":"https:\/\/delega.net\/contacto\/#breadcrumb","itemListElement":[{"@type":"ListItem","position":1,"name":"Portada","item":"https:\/\/delega.net\/"},{"@type":"ListItem","position":2,"name":"Contacto"}]},{"@type":"WebSite","@id":"https:\/\/delega.net\/#website","url":"https:\/\/delega.net\/","name":"Delega Consultores","description":"DELEGA Consultores es una empresa dedicada a la Consultor\u00eda Estrat\u00e9gica con un cat\u00e1logo de servicios dirigidos al sector privado y p\u00fablico. La filosof\u00eda de trabajo que le caracteriza es la de &quot;ense\u00f1ar a hacer&quot;","publisher":{"@id":"https:\/\/delega.net\/#organization"},"alternateName":"Delega Consultores","potentialAction":[{"@type":"SearchAction","target":{"@type":"EntryPoint","urlTemplate":"https:\/\/delega.net\/?s={search_term_string}"},"query-input":"required name=search_term_string"}],"inLanguage":"en-GB"},{"@type":"Organization","@id":"https:\/\/delega.net\/#organization","name":"Delega Consultores S.L.","url":"https:\/\/delega.net\/","logo":{"@type":"ImageObject","inLanguage":"en-GB","@id":"https:\/\/delega.net\/#\/schema\/logo\/image\/","url":"https:\/\/delega.net\/wp-content\/uploads\/2023\/08\/Delega_logo_vectorizado_azul.svg","contentUrl":"https:\/\/delega.net\/wp-content\/uploads\/2023\/08\/Delega_logo_vectorizado_azul.svg","width":1,"height":1,"caption":"Delega Consultores S.L."},"image":{"@id":"https:\/\/delega.net\/#\/schema\/logo\/image\/"}}]}},"_links":{"self":[{"href":"https:\/\/delega.net\/en\/wp-json\/wp\/v2\/pages\/43"}],"collection":[{"href":"https:\/\/delega.net\/en\/wp-json\/wp\/v2\/pages"}],"about":[{"href":"https:\/\/delega.net\/en\/wp-json\/wp\/v2\/types\/page"}],"author":[{"embeddable":true,"href":"https:\/\/delega.net\/en\/wp-json\/wp\/v2\/users\/2"}],"replies":[{"embeddable":true,"href":"https:\/\/delega.net\/en\/wp-json\/wp\/v2\/comments?post=43"}],"version-history":[{"count":25,"href":"https:\/\/delega.net\/en\/wp-json\/wp\/v2\/pages\/43\/revisions"}],"predecessor-version":[{"id":878,"href":"https:\/\/delega.net\/en\/wp-json\/wp\/v2\/pages\/43\/revisions\/878"}],"wp:attachment":[{"href":"https:\/\/delega.net\/en\/wp-json\/wp\/v2\/media?parent=43"}],"curies":[{"name":"wp","href":"https:\/\/api.w.org\/{rel}","templated":true}]}}